{"id":15,"date":"2022-04-25T17:42:48","date_gmt":"2022-04-25T14:42:48","guid":{"rendered":"http:\/\/pnsteknik.com\/?page_id=15"},"modified":"2022-09-30T15:07:39","modified_gmt":"2022-09-30T12:07:39","slug":"hakkinda","status":"publish","type":"page","link":"http:\/\/pnsteknik.com\/?page_id=15","title":{"rendered":"Hakk\u0131m\u0131zda"},"content":{"rendered":"\n<div class=\"wp-container-3 wp-block-group\"><div class=\"wp-block-group__inner-container\">\n<div class=\"wp-container-2 wp-block-columns\">\n<div class=\"wp-container-1 wp-block-column\" style=\"flex-basis:100%\">\n<p><\/p>\n\n\n\n<h3 class=\"has-text-align-center\">PNS TEKN\u0130K K\u0130MD\u0130R?<\/h3>\n\n\n\n<div style=\"text-align: center;\"><span class=\"ws11\" style=\"font-family: Calibri;\"><b>Firmam\u0131z 2009 y\u0131l\u0131nda&nbsp; faaliyete ba\u015flam\u0131\u015ft\u0131r<\/b><\/span><span class=\"ws11\" style=\"font-family: Calibri;\">.<\/span><\/div>\n<div style=\"text-align: center;\"><span class=\"ws11\" style=\"font-family: Calibri;\">Is\u0131tma sekt\u00f6r\u00fcnde faa<\/span><span class=\"ws11\" style=\"font-family: Calibri;\">liyet g\u00f6steren \u00e7e\u015fitli firmalarda \u00e7al\u0131\u015fm\u0131\u015f&nbsp; m\u00fchendisler taraf\u0131ndan kurulmu\u015ftur.<\/span><\/div>\n<div><span class=\"ws11\" style=\"font-family: Calibri;\">&nbsp;<\/span><\/div>\n<div style=\"text-align: center;\"><span class=\"ws11\" style=\"font-family: Calibri;\"><b>Ana Faaliyet Alanlar\u0131:<\/b><\/span><\/div>\n<p style=\"text-align: center;\"><span class=\"ws11\" style=\"font-family: Calibri;\">\u00b7 Is\u0131tma Sektoru i\u00e7in urun tasar\u0131m\u0131 ve Anahtar Teslimi \u00fcretim tesis kurulmas\u0131<\/span><\/p>\n<p style=\"text-align: center;\"><span class=\"ws11\" style=\"font-family: Calibri;\">\u00b7Yurt i\u00e7i &#8211; yurt d\u0131\u015f\u0131 tesis ta\u015f\u0131ma \u00e7al\u0131\u015fmalar\u0131<\/span><\/p>\n<p style=\"text-align: center;\"><span class=\"ws11\" style=\"font-family: Calibri;\">\u00b7 Is\u0131tma sekt\u00f6r\u00fcne y\u00f6nelik par\u00e7a \u00fcretimi ve Yedek Par\u00e7a sat\u0131\u015f\u0131<\/span><\/p>\n<\/div>\n<\/div>\n<\/div><\/div>\n\n\n\n<div class=\"wp-container-8 wp-block-columns\">\n<div class=\"wp-container-7 wp-block-column is-vertically-aligned-center\" style=\"flex-basis:100%\">\n<div class=\"wp-block-cover alignfull\" style=\"min-height:380px\"><span aria-hidden=\"true\" class=\"wp-block-cover__background has-nv-site-bg-background-color has-background-dim-100 has-background-dim\"><\/span><div class=\"wp-block-cover__inner-container\">\n<div style=\"height:10px\" aria-hidden=\"true\" class=\"wp-block-spacer\"><\/div>\n\n\n\n<div class=\"wp-container-6 wp-block-columns\">\n<div class=\"wp-container-4 wp-block-column ticss-4ce656f1\"><div class=\"wp-block-image icon-style is-style-rounded\">\n<figure class=\"aligncenter is-resized\"><img loading=\"lazy\" src=\"http:\/\/pnsteknik.com\/wp-content\/themes\/neve\/assets\/img\/starter-content\/icon-03.svg\" alt=\"\" width=\"51\" height=\"51\"\/><\/figure><\/div>\n\n\n<h3 class=\"has-text-align-center has-neve-text-color-color has-text-color\">Misyonumuz<\/h3>\n\n\n\n<p class=\"has-text-align-center has-nv-dark-bg-color has-text-color\"><strong><em>Pns Teknik<\/em><\/strong>&nbsp;13 y\u0131l\u0131 a\u015fk\u0131n s\u00fcre boyunca kaynak optimizasyonu-\u00fcretim \u015firketlerine hizmet ve destek personeli, yeterliliklerinin en uygun \u015fekilde planland\u0131\u011f\u0131 bir ekibi olu\u015fturur.<\/p>\n\n\n\n<p class=\"has-text-align-center has-nv-dark-bg-color has-text-color\">Orijinal ve geni\u015f \u00fcr\u00fcn yelpazesiyle kaliteli, g\u00fcvenilir hizmet sunarak istek ve ihtiya\u00e7lar\u0131n\u0131 kontroll\u00fc bir \u015fekilde kar\u015f\u0131lamaktad\u0131r.<\/p>\n\n\n\n<div style=\"height:20px\" aria-hidden=\"true\" class=\"wp-block-spacer\"><\/div>\n<\/div>\n\n\n\n<div class=\"wp-container-5 wp-block-column ticss-f6fc7494\"><div class=\"wp-block-image icon-style is-style-rounded\">\n<figure class=\"aligncenter is-resized\"><img loading=\"lazy\" src=\"http:\/\/pnsteknik.com\/wp-content\/themes\/neve\/assets\/img\/starter-content\/icon-03.svg\" alt=\"\" width=\"48\" height=\"48\"\/><\/figure><\/div>\n\n\n<h3 class=\"has-text-align-center has-neve-text-color-color has-text-color\">Vizyonumuz<\/h3>\n\n\n\n<p class=\"has-text-align-center has-neve-text-color-color has-text-color\" style=\"font-size:15px\">D\u00fcnya genelinde hizmet veren m\u00fchendislik ve kombi-\u0131s\u0131tma firmalar\u0131 aras\u0131nda en iyi yenilik\u00e7i \u00f6rnek bir \u015firket olmak.<\/p>\n\n\n\n<div style=\"height:20px\" aria-hidden=\"true\" class=\"wp-block-spacer\"><\/div>\n<\/div>\n<\/div>\n\n\n\n<div style=\"height:10px\" aria-hidden=\"true\" class=\"wp-block-spacer\"><\/div>\n<\/div><\/div>\n<\/div>\n<\/div>\n\n\n\n<div class=\"wp-block-cover alignfull\" style=\"min-height:201px\"><span aria-hidden=\"true\" class=\"wp-block-cover__background has-nv-dark-bg-background-color has-background-dim-100 has-background-dim\"><\/span><div class=\"wp-block-cover__inner-container\">\n<div style=\"height:0px\" aria-hidden=\"true\" class=\"wp-block-spacer\"><\/div>\n\n\n<div class=\"wp-block-image is-style-default\">\n<figure class=\"alignright size-full is-resized\"><img loading=\"lazy\" src=\"http:\/\/pnsteknik.com\/wp-content\/uploads\/2022\/04\/IMG_1241-8.jpg\" alt=\"\" class=\"wp-image-57\" width=\"382\" height=\"183\" srcset=\"http:\/\/pnsteknik.com\/wp-content\/uploads\/2022\/04\/IMG_1241-8.jpg 938w, http:\/\/pnsteknik.com\/wp-content\/uploads\/2022\/04\/IMG_1241-8-300x144.jpg 300w, http:\/\/pnsteknik.com\/wp-content\/uploads\/2022\/04\/IMG_1241-8-768x368.jpg 768w\" sizes=\"(max-width: 382px) 100vw, 382px\" \/><\/figure><\/div>\n\n<div class=\"wp-block-image\">\n<figure class=\"alignleft size-full is-resized\"><img loading=\"lazy\" src=\"http:\/\/pnsteknik.com\/wp-content\/uploads\/2022\/09\/pn_ADRES_jpeg_22.jpg\" alt=\"\" class=\"wp-image-598\" width=\"388\" height=\"30\" srcset=\"http:\/\/pnsteknik.com\/wp-content\/uploads\/2022\/09\/pn_ADRES_jpeg_22.jpg 362w, http:\/\/pnsteknik.com\/wp-content\/uploads\/2022\/09\/pn_ADRES_jpeg_22-300x23.jpg 300w\" sizes=\"(max-width: 388px) 100vw, 388px\" \/><figcaption>\u260f <strong>+90 216 309 00 44<br>?<\/strong> <strong>+90 216 309 60 64<br>info@pnsteknik.com<br>G\u00fclsuyu Mah. Fevzi \u00c7akmak Cad. No:20 Maltepe\/\u0130stanbul<\/strong><\/figcaption><\/figure><\/div>\n\n\n<pre class=\"wp-block-preformatted has-nv-site-bg-color has-neve-text-color-background-color has-text-color has-background has-medium-font-size\"><strong>\n<\/strong><\/pre>\n\n\n\n<ul class=\"wp-container-9 wp-block-social-links aligncenter has-normal-icon-size is-style-logos-only\"><li class=\"wp-social-link wp-social-link-facebook wp-block-social-link\"><a href=\"https:\/\/www.facebook.com\/pnsteknik\/\"  class=\"wp-block-social-link-anchor\"><svg width=\"24\" height=\"24\" viewBox=\"0 0 24 24\" version=\"1.1\" xmlns=\"http:\/\/www.w3.org\/2000\/svg\" aria-hidden=\"true\" focusable=\"false\"><path d=\"M12 2C6.5 2 2 6.5 2 12c0 5 3.7 9.1 8.4 9.9v-7H7.9V12h2.5V9.8c0-2.5 1.5-3.9 3.8-3.9 1.1 0 2.2.2 2.2.2v2.5h-1.3c-1.2 0-1.6.8-1.6 1.6V12h2.8l-.4 2.9h-2.3v7C18.3 21.1 22 17 22 12c0-5.5-4.5-10-10-10z\"><\/path><\/svg><span class=\"wp-block-social-link-label screen-reader-text\">Facebook<\/span><\/a><\/li>\n\n<li class=\"wp-social-link wp-social-link-instagram wp-block-social-link\"><a href=\"https:\/\/www.instagram.com\/isitek_market\/\"  class=\"wp-block-social-link-anchor\"><svg width=\"24\" height=\"24\" viewBox=\"0 0 24 24\" version=\"1.1\" xmlns=\"http:\/\/www.w3.org\/2000\/svg\" aria-hidden=\"true\" focusable=\"false\"><path d=\"M12,4.622c2.403,0,2.688,0.009,3.637,0.052c0.877,0.04,1.354,0.187,1.671,0.31c0.42,0.163,0.72,0.358,1.035,0.673 c0.315,0.315,0.51,0.615,0.673,1.035c0.123,0.317,0.27,0.794,0.31,1.671c0.043,0.949,0.052,1.234,0.052,3.637 s-0.009,2.688-0.052,3.637c-0.04,0.877-0.187,1.354-0.31,1.671c-0.163,0.42-0.358,0.72-0.673,1.035 c-0.315,0.315-0.615,0.51-1.035,0.673c-0.317,0.123-0.794,0.27-1.671,0.31c-0.949,0.043-1.233,0.052-3.637,0.052 s-2.688-0.009-3.637-0.052c-0.877-0.04-1.354-0.187-1.671-0.31c-0.42-0.163-0.72-0.358-1.035-0.673 c-0.315-0.315-0.51-0.615-0.673-1.035c-0.123-0.317-0.27-0.794-0.31-1.671C4.631,14.688,4.622,14.403,4.622,12 s0.009-2.688,0.052-3.637c0.04-0.877,0.187-1.354,0.31-1.671c0.163-0.42,0.358-0.72,0.673-1.035 c0.315-0.315,0.615-0.51,1.035-0.673c0.317-0.123,0.794-0.27,1.671-0.31C9.312,4.631,9.597,4.622,12,4.622 M12,3 C9.556,3,9.249,3.01,8.289,3.054C7.331,3.098,6.677,3.25,6.105,3.472C5.513,3.702,5.011,4.01,4.511,4.511 c-0.5,0.5-0.808,1.002-1.038,1.594C3.25,6.677,3.098,7.331,3.054,8.289C3.01,9.249,3,9.556,3,12c0,2.444,0.01,2.751,0.054,3.711 c0.044,0.958,0.196,1.612,0.418,2.185c0.23,0.592,0.538,1.094,1.038,1.594c0.5,0.5,1.002,0.808,1.594,1.038 c0.572,0.222,1.227,0.375,2.185,0.418C9.249,20.99,9.556,21,12,21s2.751-0.01,3.711-0.054c0.958-0.044,1.612-0.196,2.185-0.418 c0.592-0.23,1.094-0.538,1.594-1.038c0.5-0.5,0.808-1.002,1.038-1.594c0.222-0.572,0.375-1.227,0.418-2.185 C20.99,14.751,21,14.444,21,12s-0.01-2.751-0.054-3.711c-0.044-0.958-0.196-1.612-0.418-2.185c-0.23-0.592-0.538-1.094-1.038-1.594 c-0.5-0.5-1.002-0.808-1.594-1.038c-0.572-0.222-1.227-0.375-2.185-0.418C14.751,3.01,14.444,3,12,3L12,3z M12,7.378 c-2.552,0-4.622,2.069-4.622,4.622S9.448,16.622,12,16.622s4.622-2.069,4.622-4.622S14.552,7.378,12,7.378z M12,15 c-1.657,0-3-1.343-3-3s1.343-3,3-3s3,1.343,3,3S13.657,15,12,15z M16.804,6.116c-0.596,0-1.08,0.484-1.08,1.08 s0.484,1.08,1.08,1.08c0.596,0,1.08-0.484,1.08-1.08S17.401,6.116,16.804,6.116z\"><\/path><\/svg><span class=\"wp-block-social-link-label screen-reader-text\">Instagram<\/span><\/a><\/li>\n\n<li class=\"wp-social-link wp-social-link-linkedin wp-block-social-link\"><a href=\"https:\/\/tr.linkedin.com\/company\/pns-teknik-m%C3%BChendislik\"  class=\"wp-block-social-link-anchor\"><svg width=\"24\" height=\"24\" viewBox=\"0 0 24 24\" version=\"1.1\" xmlns=\"http:\/\/www.w3.org\/2000\/svg\" aria-hidden=\"true\" focusable=\"false\"><path d=\"M19.7,3H4.3C3.582,3,3,3.582,3,4.3v15.4C3,20.418,3.582,21,4.3,21h15.4c0.718,0,1.3-0.582,1.3-1.3V4.3 C21,3.582,20.418,3,19.7,3z M8.339,18.338H5.667v-8.59h2.672V18.338z M7.004,8.574c-0.857,0-1.549-0.694-1.549-1.548 c0-0.855,0.691-1.548,1.549-1.548c0.854,0,1.547,0.694,1.547,1.548C8.551,7.881,7.858,8.574,7.004,8.574z M18.339,18.338h-2.669 v-4.177c0-0.996-0.017-2.278-1.387-2.278c-1.389,0-1.601,1.086-1.601,2.206v4.249h-2.667v-8.59h2.559v1.174h0.037 c0.356-0.675,1.227-1.387,2.526-1.387c2.703,0,3.203,1.779,3.203,4.092V18.338z\"><\/path><\/svg><span class=\"wp-block-social-link-label screen-reader-text\">LinkedIn<\/span><\/a><\/li>\n\n<li class=\"wp-social-link wp-social-link-google wp-block-social-link\"><a href=\"https:\/\/www.google.com\/maps\/uv?pb=!1s0x14cac5eaa7874e23%3A0x83f05fb69335dbac!3m1!7e115!4s%2Fmaps%2Fplace%2Fpns%2Bteknik%2F%4040.9270555%2C29.1556697%2C3a%2C75y%2C153.77h%2C90t%2Fdata%3D*213m4*211e1*213m2*211sYR86dBR6-9Ty_g1-fl4h3w*212e0*214m2*213m1*211s0x14cac5eaa7874e23%3A0x83f05fb69335dbac%3Fsa%3DX!5spns%20teknik%20-%20Google%27da%20Ara!15sCgIgAQ&#038;imagekey=!1e2!2sYR86dBR6-9Ty_g1-fl4h3w&#038;hl=tr&#038;sa=X&#038;ved=2ahUKEwj1ydr3zK_3AhWhSvEDHTr0AkMQpx96BAhhEAg\"  class=\"wp-block-social-link-anchor\"><svg width=\"24\" height=\"24\" viewBox=\"0 0 24 24\" version=\"1.1\" xmlns=\"http:\/\/www.w3.org\/2000\/svg\" aria-hidden=\"true\" focusable=\"false\"><path d=\"M12.02,10.18v3.72v0.01h5.51c-0.26,1.57-1.67,4.22-5.5,4.22c-3.31,0-6.01-2.75-6.01-6.12s2.7-6.12,6.01-6.12 c1.87,0,3.13,0.8,3.85,1.48l2.84-2.76C16.99,2.99,14.73,2,12.03,2c-5.52,0-10,4.48-10,10s4.48,10,10,10c5.77,0,9.6-4.06,9.6-9.77 c0-0.83-0.11-1.42-0.25-2.05H12.02z\"><\/path><\/svg><span class=\"wp-block-social-link-label screen-reader-text\">Google<\/span><\/a><\/li><\/ul>\n\n\n\n<div style=\"height:0px\" aria-hidden=\"true\" class=\"wp-block-spacer\"><\/div>\n<\/div><\/div>\n","protected":false},"excerpt":{"rendered":"<p>PNS TEKN\u0130K K\u0130MD\u0130R? Firmam\u0131z 2009 y\u0131l\u0131nda&nbsp; faaliyete ba\u015flam\u0131\u015ft\u0131r. Is\u0131tma sekt\u00f6r\u00fcnde faaliyet g\u00f6steren \u00e7e\u015fitli firmalarda \u00e7al\u0131\u015fm\u0131\u015f&nbsp; m\u00fchendisler taraf\u0131ndan kurulmu\u015ftur. &nbsp; Ana Faaliyet Alanlar\u0131: \u00b7 Is\u0131tma Sektoru i\u00e7in urun tasar\u0131m\u0131 ve Anahtar Teslimi \u00fcretim tesis kurulmas\u0131 \u00b7Yurt i\u00e7i &#8211; yurt d\u0131\u015f\u0131 tesis ta\u015f\u0131ma \u00e7al\u0131\u015fmalar\u0131 \u00b7 Is\u0131tma sekt\u00f6r\u00fcne y\u00f6nelik par\u00e7a \u00fcretimi ve Yedek Par\u00e7a sat\u0131\u015f\u0131<\/p>\n","protected":false},"author":1,"featured_media":0,"parent":0,"menu_order":0,"comment_status":"closed","ping_status":"closed","template":"","meta":{"neve_meta_sidebar":"","neve_meta_container":"","neve_meta_enable_content_width":"on","neve_meta_content_width":100,"neve_meta_title_alignment":"","neve_meta_author_avatar":"","neve_post_elements_order":"","neve_meta_disable_header":"","neve_meta_disable_footer":"","neve_meta_disable_title":"on"},"_links":{"self":[{"href":"http:\/\/pnsteknik.com\/index.php?rest_route=\/wp\/v2\/pages\/15"}],"collection":[{"href":"http:\/\/pnsteknik.com\/index.php?rest_route=\/wp\/v2\/pages"}],"about":[{"href":"http:\/\/pnsteknik.com\/index.php?rest_route=\/wp\/v2\/types\/page"}],"author":[{"embeddable":true,"href":"http:\/\/pnsteknik.com\/index.php?rest_route=\/wp\/v2\/users\/1"}],"replies":[{"embeddable":true,"href":"http:\/\/pnsteknik.com\/index.php?rest_route=%2Fwp%2Fv2%2Fcomments&post=15"}],"version-history":[{"count":6,"href":"http:\/\/pnsteknik.com\/index.php?rest_route=\/wp\/v2\/pages\/15\/revisions"}],"predecessor-version":[{"id":637,"href":"http:\/\/pnsteknik.com\/index.php?rest_route=\/wp\/v2\/pages\/15\/revisions\/637"}],"wp:attachment":[{"href":"http:\/\/pnsteknik.com\/index.php?rest_route=%2Fwp%2Fv2%2Fmedia&parent=15"}],"curies":[{"name":"wp","href":"https:\/\/api.w.org\/{rel}","templated":true}]}}