{"id":59,"date":"2022-04-25T19:16:27","date_gmt":"2022-04-25T16:16:27","guid":{"rendered":"http:\/\/pnsteknik.com\/?page_id=59"},"modified":"2022-09-26T15:38:26","modified_gmt":"2022-09-26T12:38:26","slug":"isitek-market","status":"publish","type":"page","link":"http:\/\/pnsteknik.com\/?page_id=59","title":{"rendered":""},"content":{"rendered":"\r\n<h2 class=\"has-text-align-center\">Is\u0131tek Market<\/h2>\r\n\r\n<p style=\"text-align: center;\"><strong>Kombi Yedek Par\u00e7a ve Ma\u011faza Sat\u0131\u015f\u0131<\/strong><\/p>\r\n\r\n<div class=\"wp-block-image is-style-default\">\r\n<figure class=\"aligncenter size-full is-resized\"><a href=\"https:\/\/isitekmarket.com\/\"><img loading=\"lazy\" class=\"alignnone size-medium wp-image-515\" src=\"http:\/\/pnsteknik.com\/wp-content\/uploads\/2022\/09\/isitek_market_09_05_22-300x275.jpeg\" alt=\"\" width=\"300\" height=\"275\" srcset=\"http:\/\/pnsteknik.com\/wp-content\/uploads\/2022\/09\/isitek_market_09_05_22-300x275.jpeg 300w, http:\/\/pnsteknik.com\/wp-content\/uploads\/2022\/09\/isitek_market_09_05_22.jpeg 594w\" sizes=\"(max-width: 300px) 100vw, 300px\" \/><\/a><\/figure>\r\n<\/div>\r\n","protected":false},"excerpt":{"rendered":"<p>Is\u0131tek Market Kombi Yedek Par\u00e7a ve Ma\u011faza Sat\u0131\u015f\u0131<\/p>\n","protected":false},"author":1,"featured_media":0,"parent":0,"menu_order":0,"comment_status":"closed","ping_status":"closed","template":"","meta":{"neve_meta_sidebar":"","neve_meta_container":"","neve_meta_enable_content_width":"off","neve_meta_content_width":100,"neve_meta_title_alignment":"","neve_meta_author_avatar":"","neve_post_elements_order":"","neve_meta_disable_header":"","neve_meta_disable_footer":"","neve_meta_disable_title":""},"_links":{"self":[{"href":"http:\/\/pnsteknik.com\/index.php?rest_route=\/wp\/v2\/pages\/59"}],"collection":[{"href":"http:\/\/pnsteknik.com\/index.php?rest_route=\/wp\/v2\/pages"}],"about":[{"href":"http:\/\/pnsteknik.com\/index.php?rest_route=\/wp\/v2\/types\/page"}],"author":[{"embeddable":true,"href":"http:\/\/pnsteknik.com\/index.php?rest_route=\/wp\/v2\/users\/1"}],"replies":[{"embeddable":true,"href":"http:\/\/pnsteknik.com\/index.php?rest_route=%2Fwp%2Fv2%2Fcomments&post=59"}],"version-history":[{"count":3,"href":"http:\/\/pnsteknik.com\/index.php?rest_route=\/wp\/v2\/pages\/59\/revisions"}],"predecessor-version":[{"id":518,"href":"http:\/\/pnsteknik.com\/index.php?rest_route=\/wp\/v2\/pages\/59\/revisions\/518"}],"wp:attachment":[{"href":"http:\/\/pnsteknik.com\/index.php?rest_route=%2Fwp%2Fv2%2Fmedia&parent=59"}],"curies":[{"name":"wp","href":"https:\/\/api.w.org\/{rel}","templated":true}]}}